{"id":3,"date":"2022-08-25T13:45:38","date_gmt":"2022-08-25T13:45:38","guid":{"rendered":"https:\/\/vacantes.gsf-hotels.com\/?page_id=3"},"modified":"2022-09-21T18:54:42","modified_gmt":"2022-09-21T18:54:42","slug":"privacy-policy-2","status":"publish","type":"page","link":"https:\/\/vacantes.gsf-hotels.com\/en\/privacy-policy-2\/","title":{"rendered":"Privacy policy"},"content":{"rendered":"<p>Estimado cliente:<br>En t\u00e9rminos de lo dispuesto en la Ley Federal de Protecci\u00f3n de Datos Personales en Posesi\u00f3n de Los Particulares (la \u201cLey\u201d) y el Reglamento a la Ley (el \u201cReglamento\u201d), Hotelera SF, S. de R.L. de C.V. (\u201cHoteles Krystal\u201d), con domicilio en\u00a0<a rel=\"noreferrer noopener\" href=\"https:\/\/www.google.com\/maps?q=Juan+Salvador+Agraz+No.+65+Piso+20,+Col.+Santa+Fe+Cuajimalpa,+C.P.+05348,+M%C3%A9xico,+Distrito+Federal&amp;entry=gmail&amp;source=g\" target=\"_blank\">Juan Salvador Agraz No. 65 Piso 20, Col. Santa Fe Cuajimalpa, C.P. 05348, M\u00e9xico, Distrito Federal,<\/a>\u00a0le informa que todos los datos personales que sean recabados por Hoteles Krystal (incluyendo nombre, edad, sexo, nacionalidad, domicilio particular, datos de facturaci\u00f3n, n\u00fameros de tarjeta de cr\u00e9dito y\/o d\u00e9bito y\/o promocionales, tel\u00e9fonos, correo electr\u00f3nico, preferencias de hospedaje, requerimientos especiales, etc.) ser\u00e1n utilizados, seg\u00fan corresponda, con las siguientes finalidades:\u00a0<\/p>\n\n\n\n<ul class=\"wp-block-list\"><li>Recepci\u00f3n y registro de hu\u00e9spedes;<\/li><li>Prestaci\u00f3n de servicios de hospedaje;<\/li><li>Prestaci\u00f3n de servicios de restaurante;<\/li><li>Prestaci\u00f3n de servicios de banquetes;<\/li><li>Prestaci\u00f3n de servicios de organizaci\u00f3n de eventos;<\/li><li>Prestaci\u00f3n de servicios tur\u00edsticos y comerciales en general;<\/li><li>Facturaci\u00f3n;<\/li><li>Realizaci\u00f3n de cargos a tarjetas de cr\u00e9dito y\/o d\u00e9bito por servicios que le sean proporcionados por Hoteles Krystal;<\/li><li>Evaluaciones y encuestas de calidad y satisfacci\u00f3n de servicios;<\/li><li>Env\u00edo de informaci\u00f3n promocional, ya sea en v\u00eda documental o electr\u00f3nica, relacionada a los productos y servicios que ofrece Hoteles Krystal;<\/li><li>En general, para la prestaci\u00f3n de los servicios ofrecidos por Hoteles Krystal y sus empresas afiliadas y\/o subsidiarias.<\/li><\/ul>\n\n\n\n<p>Los datos personales de usted recabados por Hoteles Krystal ser\u00e1n debidamente resguardados conforme a las disposiciones de seguridad, administrativas, t\u00e9cnicas y f\u00edsicas, establecidas en la Ley y el Reglamento para proteger dichos datos personales contra da\u00f1o, p\u00e9rdida, alteraci\u00f3n, destrucci\u00f3n o su uso, acceso o divulgaci\u00f3n no autorizada y ser\u00e1n tratados bajo los principios de licitud, consentimiento, informaci\u00f3n, calidad, finalidad, lealtad, proporcionalidad, responsabilidad, seguridad y confidencialidad previstos en dicha Ley y el Reglamento.&nbsp;<\/p>\n\n\n\n<p>Hoteles Krystal hace de su conocimiento que los datos personales de usted recabados por Hoteles Krystal podr\u00e1n ser transferidos a entidades del mismo grupo de inter\u00e9s de la empresa o aquellas con las que tenga celebrados contratos de operaci\u00f3n hotelera, franquicia o similares, y\/o terceros, nacionales o extranjeros, \u00fanicamente con el objeto de cumplir con las finalidades para las cuales dichos datos personales han sido proporcionados.&nbsp;<\/p>\n\n\n\n<p>Asimismo, Hoteles Krystal le informa que, en t\u00e9rminos de lo dispuesto en el art\u00edculo 28 de la Ley, usted tiene derecho al Acceso, Rectificaci\u00f3n, Cancelaci\u00f3n u Oposici\u00f3n de sus datos personales, para lo cual es necesario que (i) env\u00ede una solicitud respecto a los datos personales que le pertenezcan en t\u00e9rminos de lo dispuesto en los Art\u00edculos 29 y 31 de la Ley, dirigida a nuestro Departamento de Protecci\u00f3n de Datos Personales, ubicado&nbsp;<a href=\"https:\/\/www.google.com\/maps?q=Juan+Salvador+Agraz+No.+65+Piso+20,+Col.+Santa+Fe+Cuajimalpa,+C.P.+05348,+M%C3%A9xico,+Distrito+Federal&amp;entry=gmail&amp;source=g\">Juan Salvador Agraz No. 65 Piso 20, Col. Santa Fe Cuajimalpa, C.P. 05348, M\u00e9xico, Distrito Federal,<\/a>&nbsp;con atenci\u00f3n al encargado del Departamento de Protecci\u00f3n de Datos Personales, (ii) llame al tel\u00e9fono +(52) 55 52.61.08.00, o (iii) env\u00ede un correo electr\u00f3nico a&nbsp;<a href=\"mailto:datos.personales@krystal-hotels.com\">datos.personales@krystal-hotels.com&nbsp;<\/a><br>De igual forma, usted podr\u00e1 revocar su consentimiento para el tratamiento de sus datos personales enviando una solicitud al respecto a trav\u00e9s de los medios que se establecen en este p\u00e1rrafo.&nbsp;<\/p>\n\n\n\n<p>El presente Aviso de Privacidad podr\u00e1 ser modificado en cualquier tiempo por Hoteles Krystal y las modificaciones respectivas estar\u00e1n disponibles para su consulta en&nbsp;<a href=\"https:\/\/www.gsf-hotels.com\/inversionistas\/www.krystal-hotels.com\" target=\"_blank\" rel=\"noreferrer noopener\">www.krystal-hotels.com&nbsp;<\/a>En caso de que Hoteles Krystal no reciba su oposici\u00f3n expresa para que sus datos personales sean tratados en la forma y t\u00e9rminos antes descrita, se entender\u00e1 que ha otorgado su consentimiento en forma t\u00e1cita para ello.&nbsp;<\/p>\n\n\n\n<p>Atentamente,&nbsp;<br>Hoteles Krystal (Hotelera SF, S. de R.L. de C.V.)<\/p>","protected":false},"excerpt":{"rendered":"<p>Estimado cliente:En t\u00e9rminos de lo dispuesto en la Ley Federal de Protecci\u00f3n de Datos Personales en Posesi\u00f3n de Los Particulares (la \u201cLey\u201d) y el Reglamento a la Ley (el \u201cReglamento\u201d), Hotelera SF, S. de R.L. de C.V. (\u201cHoteles Krystal\u201d), con domicilio en\u00a0Juan Salvador Agraz No. 65 Piso 20, Col. Santa Fe Cuajimalpa, C.P. 05348, M\u00e9xico, [&hellip;]<\/p>\n","protected":false},"author":1,"featured_media":0,"parent":0,"menu_order":27,"comment_status":"closed","ping_status":"closed","template":"","meta":{"inline_featured_image":false,"_uf_show_specific_survey":0,"_uf_disable_surveys":false,"footnotes":""},"class_list":["post-3","page","type-page","status-publish","hentry"],"_links":{"self":[{"href":"https:\/\/vacantes.gsf-hotels.com\/en\/wp-json\/wp\/v2\/pages\/3","targetHints":{"allow":["GET"]}}],"collection":[{"href":"https:\/\/vacantes.gsf-hotels.com\/en\/wp-json\/wp\/v2\/pages"}],"about":[{"href":"https:\/\/vacantes.gsf-hotels.com\/en\/wp-json\/wp\/v2\/types\/page"}],"author":[{"embeddable":true,"href":"https:\/\/vacantes.gsf-hotels.com\/en\/wp-json\/wp\/v2\/users\/1"}],"replies":[{"embeddable":true,"href":"https:\/\/vacantes.gsf-hotels.com\/en\/wp-json\/wp\/v2\/comments?post=3"}],"version-history":[{"count":3,"href":"https:\/\/vacantes.gsf-hotels.com\/en\/wp-json\/wp\/v2\/pages\/3\/revisions"}],"predecessor-version":[{"id":8207,"href":"https:\/\/vacantes.gsf-hotels.com\/en\/wp-json\/wp\/v2\/pages\/3\/revisions\/8207"}],"wp:attachment":[{"href":"https:\/\/vacantes.gsf-hotels.com\/en\/wp-json\/wp\/v2\/media?parent=3"}],"curies":[{"name":"wp","href":"https:\/\/api.w.org\/{rel}","templated":true}]}}