{"id":154,"date":"2021-03-17T10:22:13","date_gmt":"2021-03-17T10:22:13","guid":{"rendered":"https:\/\/www.demoapus-wp1.com\/superio-import2\/?page_id=154"},"modified":"2022-10-28T01:38:33","modified_gmt":"2022-10-28T01:38:33","slug":"usuarios","status":"publish","type":"page","link":"https:\/\/vacantes.gsf-hotels.com\/en\/usuarios\/","title":{"rendered":"Validate your data"},"content":{"rendered":"<div data-elementor-type=\"wp-page\" data-elementor-id=\"154\" class=\"elementor elementor-154\" data-elementor-post-type=\"page\">\n\t\t\t\t\t\t<section class=\"elementor-section elementor-top-section elementor-element elementor-element-2556969 elementor-section-stretched elementor-section-boxed elementor-section-height-default elementor-section-height-default\" data-id=\"2556969\" data-element_type=\"section\" data-e-type=\"section\" data-settings=\"{&quot;stretch_section&quot;:&quot;section-stretched&quot;}\">\n\t\t\t\t\t\t<div class=\"elementor-container elementor-column-gap-extended\">\n\t\t\t\t\t<div class=\"elementor-column elementor-col-50 elementor-top-column elementor-element elementor-element-9a700b7\" data-id=\"9a700b7\" data-element_type=\"column\" data-e-type=\"column\">\n\t\t\t<div class=\"elementor-widget-wrap elementor-element-populated\">\n\t\t\t\t\t\t<div class=\"elementor-element elementor-element-db5616c elementor-widget elementor-widget-heading\" data-id=\"db5616c\" data-element_type=\"widget\" data-e-type=\"widget\" data-widget_type=\"heading.default\">\n\t\t\t\t<div class=\"elementor-widget-container\">\n\t\t\t\t\t<h2 class=\"elementor-heading-title elementor-size-default\">Log in<\/h2>\t\t\t\t<\/div>\n\t\t\t\t<\/div>\n\t\t\t\t<div class=\"elementor-element elementor-element-4a1c421 elementor-widget elementor-widget-shortcode\" data-id=\"4a1c421\" data-element_type=\"widget\" data-e-type=\"widget\" data-widget_type=\"shortcode.default\">\n\t\t\t\t<div class=\"elementor-widget-container\">\n\t\t\t\t\t\t\t<div class=\"elementor-shortcode\"><div class=\"login-form-wrapper\">\n\t<div id=\"login-form-wrapper7161\" class=\"form-container\">\t\t\t\n\t\t\t\t\n\t\t<form class=\"login-form\" action=\"https:\/\/vacantes.gsf-hotels.com\/en\/\" method=\"post\" data-trp-original-action=\"https:\/\/vacantes.gsf-hotels.com\/en\/\">\n\t\t\t\t\t\t<div class=\"form-group\">\n\t\t\t\t<label>Email<\/label>\n\t\t\t\t<input autocomplete=\"username\" type=\"text\" name=\"username\" class=\"form-control\" id=\"username_or_email\" placeholder=\"Email\">\n\t\t\t<\/div>\n\t\t\t<div class=\"form-group\">\n\t\t\t\t<label>Password<\/label>\n\t\t\t\t<span class=\"show_hide_password\">\n\t\t\t\t\t<input autocomplete=\"current-password\" name=\"password\" type=\"password\" class=\"password required form-control\" id=\"login_password\" placeholder=\"Password\">\n\t\t\t\t\t<a class=\"toggle-password\" title=\"Show\"><span class=\"dashicons dashicons-hidden\"><\/span><\/a>\n\t\t\t\t<\/span>\n\t\t\t<\/div>\n\n\t\t\t<div class=\"row form-group info\">\n\t\t\t\t<div class=\"col-sm-6\">\n\t\t\t\t\t<label for=\"user-remember-field7161\" class=\"remember\">\n\t\t\t\t\t\t<input type=\"checkbox\" name=\"remember\" id=\"user-remember-field7161\" value=\"true\"> Keep me signed in\t\t\t\t\t<\/label>\n\t\t\t\t<\/div>\n\t\t\t\t<div class=\"col-sm-6 link-right\">\n\t\t\t\t\t<a class=\"back-link\" href=\"#forgot-password-form-wrapper7161\" title=\"Forgotten password\">Forgotten password?<\/a>\n\t\t\t\t<\/div>\n\t\t\t<\/div>\n\t\t\t\n\t\t\t\t\t\t\n\t\t\t<div class=\"form-group\">\n\t\t\t\t<input type=\"submit\" class=\"btn btn-theme btn-block\" name=\"submit\" value=\"Login\"\/>\n\t\t\t<\/div>\n\t\t\t<input type=\"hidden\" id=\"security_login\" name=\"security_login\" value=\"63fbd7eb86\" \/><input type=\"hidden\" name=\"_wp_http_referer\" value=\"\/en\/wp-json\/wp\/v2\/pages\/154\" \/>\t\t\t\t\t<input type=\"hidden\" name=\"trp-form-language\" value=\"en\"\/><\/form>\n\t<\/div>\n\t<!-- reset form -->\n\t<div id=\"forgot-password-form-wrapper7161\" class=\"form-container forgotpassword-form-wrapper\">\n\t\t<div class=\"top-info-user text-center1\">\n\t\t\t<h3 class=\"title\">Reset Password<\/h3>\n\t\t\t<div class=\"des\">Please Enter Username or Email<\/div>\n\t\t<\/div>\n\t\t<form name=\"forgotpasswordform\" class=\"forgotpassword-form\" action=\"https:\/\/vacantes.gsf-hotels.com\/en\/login\/?action=lostpassword\" method=\"post\">\n\t\t\t<div class=\"lostpassword-fields\">\n\t\t\t\t<div class=\"form-group\">\n\t\t\t\t\t<input type=\"text\" name=\"user_login\" class=\"user_login form-control\" id=\"lostpassword_username\" placeholder=\"Username or E-mail\">\n\t\t\t\t<\/div>\n\t\t\t\t<input type=\"hidden\" id=\"security_lostpassword\" name=\"security_lostpassword\" value=\"fabdd7309a\" \/><input type=\"hidden\" name=\"_wp_http_referer\" value=\"\/en\/wp-json\/wp\/v2\/pages\/154\" \/>\n\t            <div id=\"recaptcha-forgotpasswordform\" class=\"ga-recaptcha\" data-sitekey=\"\"><\/div>\n\t\t      \t\n\t\t\t\t<div class=\"form-group\">\n\t\t\t\t\t<div class=\"row\">\n\t\t\t\t\t\t<div class=\"col-xs-6\"><input type=\"submit\" class=\"btn btn-theme btn-sm btn-block\" name=\"wp-submit\" value=\"Get New Password\" tabindex=\"100\" \/><\/div>\n\t\t\t\t\t<\/div>\n\t\t\t\t<\/div>\n\t\t\t<\/div>\n\t\t\t<div class=\"lostpassword-link\"><a href=\"#login-form-wrapper7161\" class=\"back-link\">Back To Login<\/a><\/div>\n\t\t<\/form>\n\t<\/div>\n<\/div>\n<\/div>\n\t\t\t\t\t\t<\/div>\n\t\t\t\t<\/div>\n\t\t\t\t\t<\/div>\n\t\t<\/div>\n\t\t\t\t<div class=\"elementor-column elementor-col-50 elementor-top-column elementor-element elementor-element-6ccae5f\" data-id=\"6ccae5f\" data-element_type=\"column\" data-e-type=\"column\">\n\t\t\t<div class=\"elementor-widget-wrap elementor-element-populated\">\n\t\t\t\t\t\t<div class=\"elementor-element elementor-element-dc6749f elementor-widget elementor-widget-heading\" data-id=\"dc6749f\" data-element_type=\"widget\" data-e-type=\"widget\" data-widget_type=\"heading.default\">\n\t\t\t\t<div class=\"elementor-widget-container\">\n\t\t\t\t\t<h2 class=\"elementor-heading-title elementor-size-default\">Register as a candidate<\/h2>\t\t\t\t<\/div>\n\t\t\t\t<\/div>\n\t\t\t\t<div class=\"elementor-element elementor-element-9537424 elementor-widget elementor-widget-shortcode\" data-id=\"9537424\" data-element_type=\"widget\" data-e-type=\"widget\" data-widget_type=\"shortcode.default\">\n\t\t\t\t<div class=\"elementor-widget-container\">\n\t\t\t\t\t\t\t<div class=\"elementor-shortcode\">\n<div class=\"register-form register-form-wrapper\">\n\n\t\n\t<div class=\"tab-content clearfix\">\n\t\t\t\t    <div class=\"tab-pane active in\" id=\"apus_register_form_candidate_ySxAU\">\n\t\t        <form name=\"registerForm\" method=\"post\" class=\"register-form register-form-candidate\" action=\"\">\n\t\t          \t\t\n\t\t\t\t\t\n\t\t\t\t\t<input type=\"hidden\" name=\"role\" value=\"wp_job_board_pro_candidate\">\n\n\t\t\t\t\t<div class=\"form-group\">\n\t\t\t\t\t\t<label>Email *<\/label>\n\t\t\t\t\t\t<input type=\"text\" class=\"form-control\" name=\"email\" placeholder=\"Email *\" required>\n\t\t\t\t\t<\/div>\n\t\t\t\t\t<div class=\"form-group\">\n\t\t\t\t\t\t<label>Password *<\/label>\n\t\t\t\t\t\t<span class=\"show_hide_password\">\n\t\t\t\t\t\t\t<input type=\"password\" class=\"form-control\" name=\"password\" placeholder=\"Password *\" required>\n\t\t\t\t\t\t\t<a class=\"toggle-password\" title=\"Show\"><span class=\"dashicons dashicons-hidden\"><\/span><\/a>\n\t\t\t\t\t\t<\/span>\n\t\t\t\t\t<\/div>\n\t\t\t\t\t<div class=\"form-group\">\n\t\t\t\t\t\t<label>Confirm Password *<\/label>\n\t\t\t\t\t\t<span class=\"show_hide_password\">\n\t\t\t\t\t\t\t<input type=\"password\" class=\"form-control\" name=\"confirmpassword\" placeholder=\"Confirm Password *\" required>\n\t\t\t\t\t\t\t<a class=\"toggle-password\" title=\"Show\"><span class=\"dashicons dashicons-hidden\"><\/span><\/a>\n\t\t\t\t\t\t<\/span>\n\t\t\t\t\t<\/div>\n\n\t\t\t\t\t\n\n\t\t\t\t\t<input type=\"hidden\" id=\"security_register_candidate\" name=\"security_register_candidate\" value=\"f77a3c29a1\" \/><input type=\"hidden\" name=\"_wp_http_referer\" value=\"\/en\/wp-json\/wp\/v2\/pages\/154\" \/>\n\t\t\t\t\t\t\t\t      \t\n\t\t\t      \t\t\t\t\t\t\t<div class=\"form-group\">\n\t\t\t\t\t\t\t<label for=\"candidate-register-terms-and-conditions\">\n\t\t\t\t\t\t\t\t<input type=\"checkbox\" name=\"terms_and_conditions\" value=\"on\" id=\"candidate-register-terms-and-conditions\" required>\n\t\t\t\t\t\t\t\tYou accept our <a href=\"https:\/\/vacantes.gsf-hotels.com\/en\/privacy-policy-2\/\" target=\"_blank\">Terms and Conditions and Privacy Policy<\/a>\t\t\t\t\t\t\t<\/label>\n\t\t\t\t\t\t<\/div>\n\t\t\t\t\t\n\t\t\t\t\t<div class=\"form-group text-center\">\n\t\t\t\t\t\t<button type=\"submit\" class=\"btn btn-theme btn-block\" name=\"submitRegister\">\n\t\t\t\t\t\t\tRegister now\t\t\t\t\t\t<\/button>\n\t\t\t\t\t<\/div>\n\n\t\t\t\t\t\t\t      \t<input type=\"hidden\" name=\"trp-form-language\" value=\"en\"\/><\/form>\n\t\t    <\/div>\n\t\t\t\t\n\t\t\t<\/div>\n<\/div><\/div>\n\t\t\t\t\t\t<\/div>\n\t\t\t\t<\/div>\n\t\t\t\t\t<\/div>\n\t\t<\/div>\n\t\t\t\t\t<\/div>\n\t\t<\/section>\n\t\t\t\t<\/div>","protected":false},"excerpt":{"rendered":"<p>Iniciar sesi\u00f3n Reg\u00edstrate aqu\u00ed como candidato<\/p>","protected":false},"author":1,"featured_media":0,"parent":0,"menu_order":36,"comment_status":"closed","ping_status":"closed","template":"","meta":{"inline_featured_image":false,"_uf_show_specific_survey":0,"_uf_disable_surveys":false,"footnotes":""},"class_list":["post-154","page","type-page","status-publish","hentry"],"_links":{"self":[{"href":"https:\/\/vacantes.gsf-hotels.com\/en\/wp-json\/wp\/v2\/pages\/154","targetHints":{"allow":["GET"]}}],"collection":[{"href":"https:\/\/vacantes.gsf-hotels.com\/en\/wp-json\/wp\/v2\/pages"}],"about":[{"href":"https:\/\/vacantes.gsf-hotels.com\/en\/wp-json\/wp\/v2\/types\/page"}],"author":[{"embeddable":true,"href":"https:\/\/vacantes.gsf-hotels.com\/en\/wp-json\/wp\/v2\/users\/1"}],"replies":[{"embeddable":true,"href":"https:\/\/vacantes.gsf-hotels.com\/en\/wp-json\/wp\/v2\/comments?post=154"}],"version-history":[{"count":31,"href":"https:\/\/vacantes.gsf-hotels.com\/en\/wp-json\/wp\/v2\/pages\/154\/revisions"}],"predecessor-version":[{"id":9260,"href":"https:\/\/vacantes.gsf-hotels.com\/en\/wp-json\/wp\/v2\/pages\/154\/revisions\/9260"}],"wp:attachment":[{"href":"https:\/\/vacantes.gsf-hotels.com\/en\/wp-json\/wp\/v2\/media?parent=154"}],"curies":[{"name":"wp","href":"https:\/\/api.w.org\/{rel}","templated":true}]}}